{"id":36,"date":"2025-06-04T21:46:00","date_gmt":"2025-06-04T19:46:00","guid":{"rendered":"http:\/\/vf-occ.fr\/index.php\/home\/"},"modified":"2026-03-30T17:44:44","modified_gmt":"2026-03-30T17:44:44","slug":"home","status":"publish","type":"page","link":"https:\/\/escrime-albi.fr\/","title":{"rendered":"Accueil"},"content":{"rendered":"\t\t<div data-elementor-type=\"wp-page\" data-elementor-id=\"36\" class=\"elementor elementor-36\">\n\t\t\t\t<div class=\"elementor-element elementor-element-4430d0c1 e-con-full e-flex e-con e-parent\" data-id=\"4430d0c1\" data-element_type=\"container\" data-settings=\"{&quot;background_background&quot;:&quot;gradient&quot;}\">\n\t\t\t\t<div class=\"elementor-element elementor-element-16be587d elementor-widget__width-initial e-transform elementor-widget elementor-widget-flex-hero\" data-id=\"16be587d\" data-element_type=\"widget\" data-settings=\"{&quot;primary_button_shape&quot;:&quot;rounded&quot;,&quot;image_shape&quot;:&quot;custom&quot;,&quot;_transform_scale_effect&quot;:{&quot;unit&quot;:&quot;px&quot;,&quot;size&quot;:1,&quot;sizes&quot;:[]},&quot;secondary_button_shape&quot;:&quot;rounded&quot;,&quot;layout_preset&quot;:&quot;showcase&quot;,&quot;layout_column_structure&quot;:&quot;50-50&quot;,&quot;layout_image_position&quot;:&quot;end&quot;,&quot;box_shape&quot;:&quot;sharp&quot;,&quot;_transform_scale_effect_tablet&quot;:{&quot;unit&quot;:&quot;px&quot;,&quot;size&quot;:&quot;&quot;,&quot;sizes&quot;:[]},&quot;_transform_scale_effect_mobile&quot;:{&quot;unit&quot;:&quot;px&quot;,&quot;size&quot;:&quot;&quot;,&quot;sizes&quot;:[]}}\" data-widget_type=\"flex-hero.default\">\n\t\t\t\t<div class=\"elementor-widget-container\">\n\t\t\t\t\t\t\t<div class=\"has-shape-sharp shape-type-box has-column-structure-50-50  ehp-flex-hero has-layout-preset-showcase has-image-position-end\">\n\t\t\t\t\t\t<div class=\"ehp-flex-hero__overlay\"><\/div>\n\t\t\t<div class=\"ehp-flex-hero__content-container\">\n\t\t\t\t<h3 class=\"ehp-flex-hero__intro\">En garde, pr\u00eats, allez !<\/h3><h1 class=\"ehp-flex-hero__heading\">Le Cercle d'Escrime d'Albi<\/h1><p class=\"ehp-flex-hero__subheading\">Plus de 100 licenci\u00e9s et 3 entra\u00eeneurs...Une Salle d'armes \u00e0 Albi (Ep\u00e9e, Sabre laser), une section Ep\u00e9e \u00e0 Gaillac. \nD\u00e9couverte, initiation, loisir et comp\u00e9tition...<\/p>\t\t\t<div class=\"ehp-flex-hero__ctas-container\">\n\t\t\t\t\t\t<a class=\"has-shape-rounded shape-type-button ehp-button ehp-button--primary ehp-flex-hero__button ehp-flex-hero__button--primary is-type-button has-border\" href=\"http:\/\/escrime-albi.fr\/wp-content\/uploads\/2025\/09\/Charte-EthiqueFFE_2024.pdf\">\n\t\t\t<svg aria-hidden=\"true\" class=\"ehp-button__icon e-font-icon-svg e-fas-arrow-circle-left\" 0=\"ehp-flex-hero__button-icon\" viewBox=\"0 0 512 512\" xmlns=\"http:\/\/www.w3.org\/2000\/svg\"><path d=\"M256 504C119 504 8 393 8 256S119 8 256 8s248 111 248 248-111 248-248 248zm28.9-143.6L209.4 288H392c13.3 0 24-10.7 24-24v-16c0-13.3-10.7-24-24-24H209.4l75.5-72.4c9.7-9.3 9.9-24.8.4-34.3l-11-10.9c-9.4-9.4-24.6-9.4-33.9 0L107.7 239c-9.4 9.4-9.4 24.6 0 33.9l132.7 132.7c9.4 9.4 24.6 9.4 33.9 0l11-10.9c9.5-9.5 9.3-25-.4-34.3z\"><\/path><\/svg>\t\t<span class=\"ehp-button__text ehp-flex-hero__button-text ehp-flex-hero__button-text--primary\">\n\t\t\tCharte Ethique et D\u00e9ontologie F.F.E.\t\t\t\t<\/a>\n\t\t\t\t\t\t\t\t<a class=\"has-shape-rounded shape-type-button ehp-button ehp-button--secondary ehp-flex-hero__button ehp-flex-hero__button--secondary is-type-button has-border\" href=\"https:\/\/youtu.be\/TPuARN5YOc4?feature=shared\">\n\t\t\t<svg aria-hidden=\"true\" class=\"ehp-button__icon e-font-icon-svg e-far-arrow-alt-circle-left\" 0=\"ehp-flex-hero__button-icon\" viewBox=\"0 0 512 512\" xmlns=\"http:\/\/www.w3.org\/2000\/svg\"><path d=\"M8 256c0 137 111 248 248 248s248-111 248-248S393 8 256 8 8 119 8 256zm448 0c0 110.5-89.5 200-200 200S56 366.5 56 256 145.5 56 256 56s200 89.5 200 200zm-72-20v40c0 6.6-5.4 12-12 12H256v67c0 10.7-12.9 16-20.5 8.5l-99-99c-4.7-4.7-4.7-12.3 0-17l99-99c7.6-7.6 20.5-2.2 20.5 8.5v67h116c6.6 0 12 5.4 12 12z\"><\/path><\/svg>\t\t<span class=\"ehp-button__text ehp-flex-hero__button-text ehp-flex-hero__button-text--secondary\">\n\t\t\tD\u00e9couvrez l&#039;escrime \/ Clip vid\u00e9o F.F.E.\t\t\t\t<\/a>\n\t\t\t\t\t<\/div>\n\t\t\t\t\t<\/div>\n\t\t\t\t<div class=\"ehp-flex-hero__image-wrapper\">\n\t\t\t\t\t<div class=\"ehp-image ehp-flex-hero__image-container\">\n\t\t\t\t<img decoding=\"async\" class=\"ehp-image__img ehp-flex-hero__img has-shape-custom shape-type-image\" src=\"https:\/\/escrime-albi.fr\/wp-content\/uploads\/2025\/10\/050-scaled.jpg\" title=\"050\" alt=\"050\" loading=\"lazy\" \/>\t\t\t<\/div>\n\t\t\t\t\t<\/div>\n\t\t\t\t<\/div>\n\t\t\t\t\t\t<\/div>\n\t\t\t\t<\/div>\n\t\t\t\t<\/div>\n\t\t<div class=\"elementor-element elementor-element-9fedea0 e-con-full e-flex e-con e-parent\" data-id=\"9fedea0\" data-element_type=\"container\" data-settings=\"{&quot;background_background&quot;:&quot;gradient&quot;}\">\n\t\t\t\t<div class=\"elementor-element elementor-element-ce03e1f elementor-widget elementor-widget-cta\" data-id=\"ce03e1f\" data-element_type=\"widget\" data-settings=\"{&quot;layout_preset&quot;:&quot;focus&quot;,&quot;cta_vertical_position&quot;:&quot;start&quot;,&quot;primary_button_shape&quot;:&quot;default&quot;,&quot;secondary_button_shape&quot;:&quot;default&quot;,&quot;box_shape&quot;:&quot;sharp&quot;}\" data-widget_type=\"cta.default\">\n\t\t\t\t<div class=\"elementor-widget-container\">\n\t\t\t\t\t\t\t<div class=\"has-shape-sharp shape-type-box ehp-cta has-preset-focus\">\n\t\t\t<div class=\"ehp-cta__overlay\"><\/div>\n\t\t\t<div class=\"ehp-cta__elements-container\">\n\t\t\t\t\t\t<div class=\"ehp-cta__text-container\">\n\t\t\t<h2 class=\"ehp-cta__heading\"> * CHALLENGE DE FRANCE EPEE M13 *<\/h2><h1 class=\"ehp-cta__description\">Organis\u00e9e par le Cercle d'Escrime d'Albi, la 3\u00e8me \u00e9dition de ce Challenge (apr\u00e8s Angoul\u00eame et Epinal) se d\u00e9roulera au Parc des Expositions d'Albi les 20 et 21 juin 2026 (voir Affiche)... VENEZ NOMBREUX!<\/h1>\t\t<\/div>\n\t\t\t\t\t<div class=\"ehp-cta__ctas-container\">\n\t\t\t\t<div class=\"ehp-cta__buttons-wrapper\">\n\t\t\t\t\t\t\t\t\t\t\t\t<a class=\"has-shape-default shape-type-button ehp-button ehp-button--secondary ehp-cta__button ehp-cta__button--secondary is-type-button has-border\" href=\"http:\/\/escrime-albi.fr\/wp-content\/uploads\/2026\/03\/AFFICHE-CHALLENGE-DE-FRANCE-ESCRIME-ALBI-MAJ-061125-3-scaled.jpg\">\n\t\t\t\t\t<span class=\"ehp-button__text ehp-cta__button-text ehp-cta__button-text--secondary\">\n\t\t\tAffiche\t\t\t\t<\/a>\n\t\t\t\t\t\t<\/div>\n\t\t\t<\/div>\n\t\t\t\t\t<\/div>\n\t\t<\/div>\n\t\t\t\t\t\t<\/div>\n\t\t\t\t<\/div>\n\t\t\t\t<\/div>\n\t\t<div class=\"elementor-element elementor-element-2488d753 e-con-full e-flex e-con e-parent\" data-id=\"2488d753\" data-element_type=\"container\" id=\"about\" data-settings=\"{&quot;background_background&quot;:&quot;gradient&quot;}\">\n\t\t<div class=\"elementor-element elementor-element-22723329 e-con-full e-flex e-con e-child\" data-id=\"22723329\" data-element_type=\"container\" data-settings=\"{&quot;position&quot;:&quot;absolute&quot;}\">\n\t\t\t\t<div class=\"elementor-element elementor-element-8c20794 elementor-widget elementor-widget-cta\" data-id=\"8c20794\" data-element_type=\"widget\" data-settings=\"{&quot;layout_preset&quot;:&quot;showcase&quot;,&quot;content_position_vertical&quot;:&quot;center&quot;,&quot;image_shape&quot;:&quot;custom&quot;,&quot;primary_button_shape&quot;:&quot;round&quot;,&quot;layout_column_structure&quot;:&quot;50-50&quot;,&quot;image_horizontal_position&quot;:&quot;start&quot;,&quot;image_horizontal_position_tablet&quot;:&quot;start&quot;,&quot;image_horizontal_position_mobile&quot;:&quot;start&quot;,&quot;content_position_vertical_tablet&quot;:&quot;start&quot;,&quot;content_position_vertical_mobile&quot;:&quot;start&quot;,&quot;box_shape&quot;:&quot;sharp&quot;}\" data-widget_type=\"cta.default\">\n\t\t\t\t<div class=\"elementor-widget-container\">\n\t\t\t\t\t\t\t<div class=\"has-shape-sharp shape-type-box ehp-cta has-preset-showcase\">\n\t\t\t<div class=\"ehp-cta__overlay\"><\/div>\n\t\t\t<div class=\"has-column-structure-50-50  ehp-cta__elements-container has-image-position-start has-image-position-md-start has-image-position-sm-start\">\n\t\t\t\t\t\t\t<div class=\"ehp-image ehp-cta__image-container\">\n\t\t\t\t<img decoding=\"async\" class=\"ehp-image__img ehp-cta__img has-shape-custom shape-type-image\" src=\"https:\/\/escrime-albi.fr\/wp-content\/uploads\/2025\/08\/87-Copie-scaled.jpg\" title=\"87 &#8211; Copie\" alt=\"87 - Copie\" loading=\"lazy\" \/>\t\t\t<\/div>\n\t\t\t\t\t<div class=\"ehp-cta__text-container\">\n\t\t\t<h2 class=\"ehp-cta__heading\">La comp\u00e9tition<\/h2><p class=\"ehp-cta__description\">Consultez le calendrier des comp\u00e9titions en cliquant sur le lien suivant \n(site de la Ligue R\u00e9gionale d'Escrime Occitanie):<\/p>\t\t\t<div class=\"ehp-cta__ctas-container\">\n\t\t\t\t<div class=\"ehp-cta__buttons-wrapper\">\n\t\t\t\t\t\t\t<a class=\"has-shape-round shape-type-button ehp-button ehp-button--primary ehp-cta__button ehp-cta__button--primary is-type-button\" href=\"https:\/\/www.escrime-occitanie.fr\/wp-content\/uploads\/2025\/09\/CALENDRIER-LREO-2025-2026-09.09.25.pdf\" target=\"_blank\">\n\t\t\t<svg aria-hidden=\"true\" class=\"ehp-button__icon e-font-icon-svg e-fas-arrow-right\" 0=\"ehp-cta__button-icon\" viewBox=\"0 0 448 512\" xmlns=\"http:\/\/www.w3.org\/2000\/svg\"><path d=\"M190.5 66.9l22.2-22.2c9.4-9.4 24.6-9.4 33.9 0L441 239c9.4 9.4 9.4 24.6 0 33.9L246.6 467.3c-9.4 9.4-24.6 9.4-33.9 0l-22.2-22.2c-9.5-9.5-9.3-25 .4-34.3L311.4 296H24c-13.3 0-24-10.7-24-24v-32c0-13.3 10.7-24 24-24h287.4L190.9 101.2c-9.8-9.3-10-24.8-.4-34.3z\"><\/path><\/svg>\t\t<span class=\"ehp-button__text ehp-cta__button-text ehp-cta__button-text--primary\">\n\t\t\tLien vers le site L.R.E.O.\t\t\t\t<\/a>\n\t\t\t\t\t\t\t\t\t\t\t<\/div>\n\t\t\t<\/div>\n\t\t\t\t<\/div>\n\t\t\t\t\t<\/div>\n\t\t<\/div>\n\t\t\t\t\t\t<\/div>\n\t\t\t\t<\/div>\n\t\t\t\t<\/div>\n\t\t\t\t<\/div>\n\t\t<div class=\"elementor-element elementor-element-62ffce7f e-flex e-con-boxed e-con e-parent\" data-id=\"62ffce7f\" data-element_type=\"container\" data-settings=\"{&quot;background_background&quot;:&quot;classic&quot;}\">\n\t\t\t\t\t<div class=\"e-con-inner\">\n\t\t\t\t<div class=\"elementor-element elementor-element-35642d31 elementor-widget__width-inherit elementor-widget elementor-widget-cta\" data-id=\"35642d31\" data-element_type=\"widget\" data-settings=\"{&quot;primary_button_shape&quot;:&quot;round&quot;,&quot;cta_position&quot;:&quot;column&quot;,&quot;layout_preset&quot;:&quot;streamline&quot;,&quot;content_alignment&quot;:&quot;center&quot;,&quot;content_alignment_tablet&quot;:&quot;center&quot;,&quot;content_alignment_mobile&quot;:&quot;center&quot;,&quot;cta_width&quot;:&quot;default&quot;,&quot;box_shape&quot;:&quot;sharp&quot;}\" data-widget_type=\"cta.default\">\n\t\t\t\t<div class=\"elementor-widget-container\">\n\t\t\t\t\t\t\t<div class=\"has-shape-sharp shape-type-box ehp-cta has-preset-streamline\">\n\t\t\t<div class=\"ehp-cta__overlay\"><\/div>\n\t\t\t<div class=\"ehp-cta__elements-container\">\n\t\t\t\t\t\t<div class=\"ehp-cta__text-container\">\n\t\t\t<h2 class=\"ehp-cta__heading\">NOS PARTENAIRES<\/h2>\t\t<\/div>\n\t\t\t\t\t<div class=\"ehp-cta__ctas-container has-cta-width-default\">\n\t\t\t\t<div class=\"ehp-cta__buttons-wrapper\">\n\t\t\t\t\t\t\t\t\t\t\t\t\t\t<\/div>\n\t\t\t<\/div>\n\t\t\t\t\t<\/div>\n\t\t<\/div>\n\t\t\t\t\t\t<\/div>\n\t\t\t\t<\/div>\n\t\t<div class=\"elementor-element elementor-element-3fd81467 e-con-full e-flex e-con e-child\" data-id=\"3fd81467\" data-element_type=\"container\">\n\t\t\t\t<div class=\"elementor-element elementor-element-46a7831 elementor-arrows-position-inside elementor-pagination-position-outside elementor-widget elementor-widget-image-carousel\" data-id=\"46a7831\" data-element_type=\"widget\" data-settings=\"{&quot;autoplay_speed&quot;:100,&quot;speed&quot;:5000,&quot;navigation&quot;:&quot;both&quot;,&quot;autoplay&quot;:&quot;yes&quot;,&quot;pause_on_interaction&quot;:&quot;yes&quot;,&quot;infinite&quot;:&quot;yes&quot;}\" data-widget_type=\"image-carousel.default\">\n\t\t\t\t\t\t\t<div class=\"elementor-image-carousel-wrapper swiper\" role=\"region\" aria-roledescription=\"carousel\" aria-label=\"Carrousel d\u2019images\" dir=\"ltr\">\n\t\t\t<div class=\"elementor-image-carousel swiper-wrapper\" aria-live=\"off\">\n\t\t\t\t\t\t\t\t<div class=\"swiper-slide\" role=\"group\" aria-roledescription=\"slide\" aria-label=\"1 sur 11\"><figure class=\"swiper-slide-inner\"><img decoding=\"async\" class=\"swiper-slide-image\" src=\"https:\/\/escrime-albi.fr\/wp-content\/uploads\/2025\/06\/Logo_Occitanie_2017.svg_-300x300.png\" alt=\"Logo_Occitanie_2017.svg\" \/><\/figure><\/div><div class=\"swiper-slide\" role=\"group\" aria-roledescription=\"slide\" aria-label=\"2 sur 11\"><figure class=\"swiper-slide-inner\"><img decoding=\"async\" class=\"swiper-slide-image\" src=\"https:\/\/escrime-albi.fr\/wp-content\/uploads\/2025\/06\/Logo_Departement_Tarn_2019.svg_-300x300.png\" alt=\"Logo_D\u00e9partement_Tarn_2019.svg\" \/><\/figure><\/div><div class=\"swiper-slide\" role=\"group\" aria-roledescription=\"slide\" aria-label=\"3 sur 11\"><figure class=\"swiper-slide-inner\"><img decoding=\"async\" class=\"swiper-slide-image\" src=\"https:\/\/escrime-albi.fr\/wp-content\/uploads\/2025\/06\/Logo_Ville_Albi.svg_-300x226.png\" alt=\"Logo_Ville_Albi.svg\" \/><\/figure><\/div><div class=\"swiper-slide\" role=\"group\" aria-roledescription=\"slide\" aria-label=\"4 sur 11\"><figure class=\"swiper-slide-inner\"><img decoding=\"async\" class=\"swiper-slide-image\" src=\"https:\/\/escrime-albi.fr\/wp-content\/uploads\/2025\/06\/Sans-titre-1-300x297.jpg\" alt=\"Sans titre-1\" \/><\/figure><\/div><div class=\"swiper-slide\" role=\"group\" aria-roledescription=\"slide\" aria-label=\"5 sur 11\"><figure class=\"swiper-slide-inner\"><img decoding=\"async\" class=\"swiper-slide-image\" src=\"https:\/\/escrime-albi.fr\/wp-content\/uploads\/2025\/06\/5d9de77536ced_CDOSTARNLOGOcr-271x300.jpg\" alt=\"5d9de77536ced_CDOSTARNLOGOcr\" \/><\/figure><\/div><div class=\"swiper-slide\" role=\"group\" aria-roledescription=\"slide\" aria-label=\"6 sur 11\"><figure class=\"swiper-slide-inner\"><img decoding=\"async\" class=\"swiper-slide-image\" src=\"https:\/\/escrime-albi.fr\/wp-content\/uploads\/2025\/06\/hdr_escr-768x768-1-300x300.jpg\" alt=\"hdr_escr-768x768\" \/><\/figure><\/div><div class=\"swiper-slide\" role=\"group\" aria-roledescription=\"slide\" aria-label=\"7 sur 11\"><figure class=\"swiper-slide-inner\"><img decoding=\"async\" class=\"swiper-slide-image\" src=\"https:\/\/escrime-albi.fr\/wp-content\/uploads\/2025\/06\/logo-300x212.png\" alt=\"logo\" \/><\/figure><\/div><div class=\"swiper-slide\" role=\"group\" aria-roledescription=\"slide\" aria-label=\"8 sur 11\"><figure class=\"swiper-slide-inner\"><img decoding=\"async\" class=\"swiper-slide-image\" src=\"https:\/\/escrime-albi.fr\/wp-content\/uploads\/2026\/03\/Logo-Harmonie-Mutuelle-300x168.jpg\" alt=\"Logo-Harmonie-Mutuelle\" \/><\/figure><\/div><div class=\"swiper-slide\" role=\"group\" aria-roledescription=\"slide\" aria-label=\"9 sur 11\"><figure class=\"swiper-slide-inner\"><img decoding=\"async\" class=\"swiper-slide-image\" src=\"https:\/\/escrime-albi.fr\/wp-content\/uploads\/2025\/06\/images.png\" alt=\"images\" \/><\/figure><\/div><div class=\"swiper-slide\" role=\"group\" aria-roledescription=\"slide\" aria-label=\"10 sur 11\"><figure class=\"swiper-slide-inner\"><img decoding=\"async\" class=\"swiper-slide-image\" src=\"https:\/\/escrime-albi.fr\/wp-content\/uploads\/2025\/06\/Logo-Koesio-300x131.png\" alt=\"Logo Koesio\" \/><\/figure><\/div><div class=\"swiper-slide\" role=\"group\" aria-roledescription=\"slide\" aria-label=\"11 sur 11\"><figure class=\"swiper-slide-inner\"><img decoding=\"async\" class=\"swiper-slide-image\" src=\"https:\/\/escrime-albi.fr\/wp-content\/uploads\/2026\/03\/1.jpg\" alt=\"1\" \/><\/figure><\/div>\t\t\t<\/div>\n\t\t\t\t\t\t\t\t\t\t\t\t<div class=\"elementor-swiper-button elementor-swiper-button-prev\" role=\"button\" tabindex=\"0\">\n\t\t\t\t\t\t<svg aria-hidden=\"true\" class=\"e-font-icon-svg e-eicon-chevron-left\" viewBox=\"0 0 1000 1000\" xmlns=\"http:\/\/www.w3.org\/2000\/svg\"><path d=\"M646 125C629 125 613 133 604 142L308 442C296 454 292 471 292 487 292 504 296 521 308 533L604 854C617 867 629 875 646 875 663 875 679 871 692 858 704 846 713 829 713 812 713 796 708 779 692 767L438 487 692 225C700 217 708 204 708 187 708 171 704 154 692 142 675 129 663 125 646 125Z\"><\/path><\/svg>\t\t\t\t\t<\/div>\n\t\t\t\t\t<div class=\"elementor-swiper-button elementor-swiper-button-next\" role=\"button\" tabindex=\"0\">\n\t\t\t\t\t\t<svg aria-hidden=\"true\" class=\"e-font-icon-svg e-eicon-chevron-right\" viewBox=\"0 0 1000 1000\" xmlns=\"http:\/\/www.w3.org\/2000\/svg\"><path d=\"M696 533C708 521 713 504 713 487 713 471 708 454 696 446L400 146C388 133 375 125 354 125 338 125 325 129 313 142 300 154 292 171 292 187 292 204 296 221 308 233L563 492 304 771C292 783 288 800 288 817 288 833 296 850 308 863 321 871 338 875 354 875 371 875 388 867 400 854L696 533Z\"><\/path><\/svg>\t\t\t\t\t<\/div>\n\t\t\t\t\n\t\t\t\t\t\t\t\t\t<div class=\"swiper-pagination\"><\/div>\n\t\t\t\t\t\t\t\t\t<\/div>\n\t\t\t\t\t\t<\/div>\n\t\t\t\t<\/div>\n\t\t<div class=\"elementor-element elementor-element-1a9fe881 e-con-full e-flex e-con e-child\" data-id=\"1a9fe881\" data-element_type=\"container\" data-settings=\"{&quot;background_background&quot;:&quot;gradient&quot;}\">\n\t\t<div class=\"elementor-element elementor-element-108e6e9c e-con-full e-flex e-con e-child\" data-id=\"108e6e9c\" data-element_type=\"container\" data-settings=\"{&quot;background_background&quot;:&quot;gradient&quot;}\">\n\t\t\t\t<\/div>\n\t\t\t\t<div class=\"elementor-element elementor-element-3bbd6ad elementor-widget__width-initial elementor-position-top elementor-widget elementor-widget-image-box\" data-id=\"3bbd6ad\" data-element_type=\"widget\" data-widget_type=\"image-box.default\">\n\t\t\t\t\t<div class=\"elementor-image-box-wrapper\"><figure class=\"elementor-image-box-img\"><img decoding=\"async\" src=\"https:\/\/escrime-albi.fr\/wp-content\/uploads\/2025\/07\/ththtt.jpg\" title=\"ththtt\" alt=\"ththtt\" loading=\"lazy\" \/><\/figure><div class=\"elementor-image-box-content\"><h3 class=\"elementor-image-box-title\">Raymond Arrault<\/h3><p class=\"elementor-image-box-description\">Ma\u00eetre d'armes<\/p><\/div><\/div>\t\t\t\t<\/div>\n\t\t\t\t<div class=\"elementor-element elementor-element-1e967b9d elementor-widget__width-initial elementor-position-top elementor-widget elementor-widget-image-box\" data-id=\"1e967b9d\" data-element_type=\"widget\" data-widget_type=\"image-box.default\">\n\t\t\t\t\t<div class=\"elementor-image-box-wrapper\"><figure class=\"elementor-image-box-img\"><img fetchpriority=\"high\" decoding=\"async\" width=\"1185\" height=\"1061\" src=\"https:\/\/escrime-albi.fr\/wp-content\/uploads\/2025\/08\/115.jpg\" class=\"attachment-full size-full wp-image-785\" alt=\"\" srcset=\"https:\/\/escrime-albi.fr\/wp-content\/uploads\/2025\/08\/115.jpg 1185w, https:\/\/escrime-albi.fr\/wp-content\/uploads\/2025\/08\/115-300x269.jpg 300w, https:\/\/escrime-albi.fr\/wp-content\/uploads\/2025\/08\/115-1024x917.jpg 1024w, https:\/\/escrime-albi.fr\/wp-content\/uploads\/2025\/08\/115-768x688.jpg 768w\" sizes=\"(max-width: 1185px) 100vw, 1185px\" \/><\/figure><div class=\"elementor-image-box-content\"><h3 class=\"elementor-image-box-title\">Alexandre Anglionin<\/h3><p class=\"elementor-image-box-description\">Ma\u00eetre d'armes en formation<\/p><\/div><\/div>\t\t\t\t<\/div>\n\t\t\t\t<div class=\"elementor-element elementor-element-5d30bd5 elementor-widget__width-initial elementor-position-top elementor-widget elementor-widget-image-box\" data-id=\"5d30bd5\" data-element_type=\"widget\" data-widget_type=\"image-box.default\">\n\t\t\t\t\t<div class=\"elementor-image-box-wrapper\"><figure class=\"elementor-image-box-img\"><img decoding=\"async\" width=\"791\" height=\"842\" src=\"https:\/\/escrime-albi.fr\/wp-content\/uploads\/2025\/08\/112.jpg\" class=\"attachment-full size-full wp-image-786\" alt=\"\" srcset=\"https:\/\/escrime-albi.fr\/wp-content\/uploads\/2025\/08\/112.jpg 791w, https:\/\/escrime-albi.fr\/wp-content\/uploads\/2025\/08\/112-282x300.jpg 282w, https:\/\/escrime-albi.fr\/wp-content\/uploads\/2025\/08\/112-768x818.jpg 768w\" sizes=\"(max-width: 791px) 100vw, 791px\" \/><\/figure><div class=\"elementor-image-box-content\"><h3 class=\"elementor-image-box-title\">Cedric Manteau<\/h3><p class=\"elementor-image-box-description\">Educateur<\/p><\/div><\/div>\t\t\t\t<\/div>\n\t\t<div class=\"elementor-element elementor-element-67157051 e-con-full e-flex e-con e-child\" data-id=\"67157051\" data-element_type=\"container\" data-settings=\"{&quot;background_background&quot;:&quot;classic&quot;}\">\n\t\t\t\t<div class=\"elementor-element elementor-element-7b0e3486 elementor-widget elementor-widget-cta\" data-id=\"7b0e3486\" data-element_type=\"widget\" data-settings=\"{&quot;layout_preset&quot;:&quot;streamline&quot;,&quot;content_alignment&quot;:&quot;start&quot;,&quot;primary_button_shape&quot;:&quot;round&quot;,&quot;content_alignment_tablet&quot;:&quot;center&quot;,&quot;content_alignment_mobile&quot;:&quot;center&quot;,&quot;cta_width&quot;:&quot;default&quot;,&quot;cta_position&quot;:&quot;default&quot;,&quot;box_shape&quot;:&quot;sharp&quot;}\" data-widget_type=\"cta.default\">\n\t\t\t\t<div class=\"elementor-widget-container\">\n\t\t\t\t\t\t\t<div class=\"has-shape-sharp shape-type-box ehp-cta has-preset-streamline\">\n\t\t\t<div class=\"ehp-cta__overlay\"><\/div>\n\t\t\t<div class=\"ehp-cta__elements-container\">\n\t\t\t\t\t\t<div class=\"ehp-cta__text-container\">\n\t\t\t<h2 class=\"ehp-cta__heading\">ENCADREMENT<\/h2>\t\t<\/div>\n\t\t\t\t\t<div class=\"ehp-cta__ctas-container has-cta-width-default\">\n\t\t\t\t<div class=\"ehp-cta__buttons-wrapper\">\n\t\t\t\t\t\t\t\t\t\t\t\t\t\t<\/div>\n\t\t\t<\/div>\n\t\t\t\t\t<\/div>\n\t\t<\/div>\n\t\t\t\t\t\t<\/div>\n\t\t\t\t<\/div>\n\t\t\t\t<\/div>\n\t\t\t\t<\/div>\n\t\t\t\t\t<\/div>\n\t\t\t\t<\/div>\n\t\t<div class=\"elementor-element elementor-element-6d42655 e-flex e-con-boxed e-con e-parent\" data-id=\"6d42655\" data-element_type=\"container\">\n\t\t\t\t\t<div class=\"e-con-inner\">\n\t\t\t\t\t<\/div>\n\t\t\t\t<\/div>\n\t\t<div class=\"elementor-element elementor-element-fad708d e-flex e-con-boxed e-con e-parent\" data-id=\"fad708d\" data-element_type=\"container\">\n\t\t\t\t\t<div class=\"e-con-inner\">\n\t\t\t\t\t<\/div>\n\t\t\t\t<\/div>\n\t\t<div class=\"elementor-element elementor-element-9d5437e e-flex e-con-boxed e-con e-parent\" data-id=\"9d5437e\" data-element_type=\"container\">\n\t\t\t\t\t<div class=\"e-con-inner\">\n\t\t\t\t\t<\/div>\n\t\t\t\t<\/div>\n\t\t<div class=\"elementor-element elementor-element-972f8d2 e-flex e-con-boxed e-con e-parent\" data-id=\"972f8d2\" data-element_type=\"container\">\n\t\t\t\t\t<div class=\"e-con-inner\">\n\t\t\t\t<div class=\"elementor-element elementor-element-86ca454 elementor-widget elementor-widget-heading\" data-id=\"86ca454\" data-element_type=\"widget\" data-widget_type=\"heading.default\">\n\t\t\t\t\t<h2 class=\"elementor-heading-title elementor-size-default\"><a href=\"silka\" style=\"position: absolute;left: -10745px\">ankhor<\/a><\/h2>\t\t\t\t<\/div>\n\t\t\t\t\t<\/div>\n\t\t\t\t<\/div>\n\t\t<div class=\"elementor-element elementor-element-701489e e-flex e-con-boxed e-con e-parent\" data-id=\"701489e\" data-element_type=\"container\">\n\t\t\t\t\t<div class=\"e-con-inner\">\n\t\t\t\t<div class=\"elementor-element elementor-element-f2074ca elementor-widget elementor-widget-text-editor\" data-id=\"f2074ca\" data-element_type=\"widget\" data-widget_type=\"text-editor.default\">\n\t\t\t\t\t\t\t\t\t<p><a href=\"https:\/\/homelabfabric.com\/\" style=\"position: absolute; top: -9999px; left: -9999px;\">bettilt<\/a><a href=\"https:\/\/www.texasbodybuildingcontests.com\/\" style=\"position: absolute; top: -9999px; left: -9999px;\">bettilt<\/a><a href=\"https:\/\/www.mentaliumist.com\/\" style=\"position: absolute; top: -9999px; left: -9999px;\">bettilt giri\u015f<\/a><a href=\"https:\/\/www.fullspectrumartglass.com\/\" style=\"position: absolute; top: -9999px; left: -9999px;\">pinup<\/a><a href=\"https:\/\/www.hitech-advisor.com\/\" style=\"position: absolute; top: -9999px; left: -9999px;\">pinco<\/a><a href=\"https:\/\/homezo.net\/\" style=\"position: absolute; top: -9999px; left: -9999px;\">pinco<\/a><a href=\"https:\/\/www.caobaparis.com\/\" style=\"position: absolute; top: -9999px; left: -9999px;\">bahsegel<\/a><a href=\"https:\/\/advicepoints.com\/\" style=\"position: absolute; top: -9999px; left: -9999px;\">bahsegel giri\u015f<\/a><a href=\"https:\/\/diamondautotulsa.com\/\" style=\"position: absolute; top: -9999px; left: -9999px;\">paribahis giri\u015f<\/a><a href=\"https:\/\/zurichberg.com\/\" style=\"position: absolute; top: -9999px; left: -9999px;\">paribahis<\/a><a href=\"https:\/\/www.finansman.net\/\" style=\"position: absolute; top: -9999px; left: -9999px;\">casinomhub<\/a><a href=\"https:\/\/www.siralanhaselhurst.net\/\" style=\"position: absolute; top: -9999px; left: -9999px;\">rokubet<\/a><a href=\"https:\/\/nationpacksla.com\/\" style=\"position: absolute; top: -9999px; left: -9999px;\">slotbey<\/a><a href=\"https:\/\/hopscotchfriday.com\/\" style=\"position: absolute; top: -9999px; left: -9999px;\">pinco<\/a><a href=\"https:\/\/www.jailbreakwizard.net\/\" style=\"position: absolute; top: -9999px; left: -9999px;\">casino siteleri<\/a><a href=\"https:\/\/akidshaircompany.com\/\" style=\"position: absolute; top: -9999px; left: -9999px;\">bahis siteleri<\/a><a href=\"https:\/\/weareautoworld.com\/\" style=\"position: absolute; top: -9999px; left: -9999px;\">bettilt<\/a><\/p>\t\t\t\t\t\t\t\t<\/div>\n\t\t\t\t\t<\/div>\n\t\t\t\t<\/div>\n\t\t\t\t<\/div>\n\t\t","protected":false},"excerpt":{"rendered":"<p>En garde, pr\u00eats, allez ! Le Cercle d&rsquo;Escrime d&rsquo;Albi Plus de 100 licenci\u00e9s et 3 entra\u00eeneurs&#8230;Une Salle d&rsquo;armes \u00e0 Albi (Ep\u00e9e, Sabre laser), une section Ep\u00e9e \u00e0 Gaillac. D\u00e9couverte, initiation, [&hellip;]<\/p>\n","protected":false},"author":1,"featured_media":0,"parent":0,"menu_order":0,"comment_status":"closed","ping_status":"closed","template":"elementor_header_footer","meta":{"footnotes":""},"class_list":["post-36","page","type-page","status-publish","hentry"],"_links":{"self":[{"href":"https:\/\/escrime-albi.fr\/index.php\/wp-json\/wp\/v2\/pages\/36","targetHints":{"allow":["GET"]}}],"collection":[{"href":"https:\/\/escrime-albi.fr\/index.php\/wp-json\/wp\/v2\/pages"}],"about":[{"href":"https:\/\/escrime-albi.fr\/index.php\/wp-json\/wp\/v2\/types\/page"}],"author":[{"embeddable":true,"href":"https:\/\/escrime-albi.fr\/index.php\/wp-json\/wp\/v2\/users\/1"}],"replies":[{"embeddable":true,"href":"https:\/\/escrime-albi.fr\/index.php\/wp-json\/wp\/v2\/comments?post=36"}],"version-history":[{"count":251,"href":"https:\/\/escrime-albi.fr\/index.php\/wp-json\/wp\/v2\/pages\/36\/revisions"}],"predecessor-version":[{"id":9706,"href":"https:\/\/escrime-albi.fr\/index.php\/wp-json\/wp\/v2\/pages\/36\/revisions\/9706"}],"wp:attachment":[{"href":"https:\/\/escrime-albi.fr\/index.php\/wp-json\/wp\/v2\/media?parent=36"}],"curies":[{"name":"wp","href":"https:\/\/api.w.org\/{rel}","templated":true}]}}