{"id":11,"date":"2025-06-04T21:27:58","date_gmt":"2025-06-04T19:27:58","guid":{"rendered":"http:\/\/vf-occ.fr\/?page_id=11"},"modified":"2026-03-05T16:03:13","modified_gmt":"2026-03-05T16:03:13","slug":"le-club","status":"publish","type":"page","link":"https:\/\/escrime-albi.fr\/index.php\/le-club\/","title":{"rendered":"Le club"},"content":{"rendered":"\t\t<div data-elementor-type=\"wp-page\" data-elementor-id=\"11\" class=\"elementor elementor-11\">\n\t\t\t\t<div class=\"elementor-element elementor-element-2a5d223 e-flex e-con-boxed e-con e-parent\" data-id=\"2a5d223\" data-element_type=\"container\" data-settings=\"{&quot;background_background&quot;:&quot;classic&quot;}\">\n\t\t\t\t\t<div class=\"e-con-inner\">\n\t\t\t\t<div class=\"elementor-element elementor-element-96e6af3 elementor-widget elementor-widget-heading\" data-id=\"96e6af3\" data-element_type=\"widget\" data-widget_type=\"heading.default\">\n\t\t\t\t\t<h2 class=\"elementor-heading-title elementor-size-default\">Le Cercle d'Escrime d'Albi<\/h2>\t\t\t\t<\/div>\n\t\t\t\t\t<\/div>\n\t\t\t\t<\/div>\n\t\t<div class=\"elementor-element elementor-element-7082ca0 e-flex e-con-boxed e-con e-parent\" data-id=\"7082ca0\" data-element_type=\"container\" data-settings=\"{&quot;background_background&quot;:&quot;classic&quot;}\">\n\t\t\t\t\t<div class=\"e-con-inner\">\n\t\t<div class=\"elementor-element elementor-element-dd9d987 e-con-full e-flex e-con e-child\" data-id=\"dd9d987\" data-element_type=\"container\" data-settings=\"{&quot;background_background&quot;:&quot;slideshow&quot;,&quot;background_slideshow_gallery&quot;:[{&quot;id&quot;:940,&quot;url&quot;:&quot;http:\\\/\\\/escrime-albi.fr\\\/wp-content\\\/uploads\\\/2025\\\/08\\\/ffe5.jpg&quot;},{&quot;id&quot;:1221,&quot;url&quot;:&quot;http:\\\/\\\/escrime-albi.fr\\\/wp-content\\\/uploads\\\/2025\\\/08\\\/MPV_3603.jpg&quot;},{&quot;id&quot;:1222,&quot;url&quot;:&quot;http:\\\/\\\/escrime-albi.fr\\\/wp-content\\\/uploads\\\/2025\\\/08\\\/105-scaled.jpg&quot;},{&quot;id&quot;:1224,&quot;url&quot;:&quot;http:\\\/\\\/escrime-albi.fr\\\/wp-content\\\/uploads\\\/2025\\\/08\\\/ffe1.jpg&quot;},{&quot;id&quot;:1226,&quot;url&quot;:&quot;http:\\\/\\\/escrime-albi.fr\\\/wp-content\\\/uploads\\\/2025\\\/08\\\/IMG_5336-2.jpg&quot;}],&quot;background_slideshow_loop&quot;:&quot;yes&quot;,&quot;background_slideshow_slide_duration&quot;:5000,&quot;background_slideshow_slide_transition&quot;:&quot;fade&quot;,&quot;background_slideshow_transition_duration&quot;:500}\">\n\t\t\t\t<\/div>\n\t\t<div class=\"elementor-element elementor-element-1c92856 e-con-full e-flex e-con e-child\" data-id=\"1c92856\" data-element_type=\"container\">\n\t\t<div class=\"elementor-element elementor-element-2ed0c3d e-con-full e-flex e-con e-child\" data-id=\"2ed0c3d\" data-element_type=\"container\">\n\t\t\t\t<div class=\"elementor-element elementor-element-2b4202a elementor-widget elementor-widget-text-editor\" data-id=\"2b4202a\" data-element_type=\"widget\" data-widget_type=\"text-editor.default\">\n\t\t\t\t\t\t\t\t\t<p><strong>Fond\u00e9 en 1930, le Cercle d&rsquo;Escrime d&rsquo;Albi est un Club historique et formateur reconnu pour la qualit\u00e9 de son encadrement et de sa fili\u00e8re sportive .<\/strong><\/p><p><strong>25 m\u00e9dailles aux Championnats de France<\/strong><\/p><p><strong>4 Ma\u00eetres d&rsquo;armes form\u00e9s au sein du Club<\/strong><\/p><p><strong>Formation de tireurs, arbitres et \u00e9ducateurs<\/strong><\/p><p><strong>Labellis\u00e9 Ecole Fran\u00e7aise d&rsquo;Escrime.<\/strong><\/p><p><strong> Plusieurs licenci\u00e9s ont int\u00e9gr\u00e9 des structures de haut niveau, dont l&rsquo;INSEP.<\/strong><\/p>\t\t\t\t\t\t\t\t<\/div>\n\t\t\t\t<\/div>\n\t\t<div class=\"elementor-element elementor-element-f1ba1d8 e-con-full e-flex e-con e-child\" data-id=\"f1ba1d8\" data-element_type=\"container\">\n\t\t\t\t<div class=\"elementor-element elementor-element-fd3361b elementor-widget elementor-widget-text-editor\" data-id=\"fd3361b\" data-element_type=\"widget\" data-widget_type=\"text-editor.default\">\n\t\t\t\t\t\t\t\t\t<p><strong>Depuis plus de 40 ans, le Club est organisateur de comp\u00e9titions r\u00e9gionales (2 circuits par saison) et, \u00e0 ce jour, de 6 rencontres nationales :<\/strong><\/p><ul><li><strong>Crit\u00e9riums nationaux UFOLEP\u00a0 &#8211;\u00a0 1994<\/strong><\/li><li><strong>Championnats de France Ep\u00e9e S\u00e9niors\u00a0 &#8211;\u00a0 1996<\/strong><\/li><li><strong>Championnats de France Ep\u00e9e S\u00e9niors\u00a0 &#8211;\u00a0 2017<\/strong><\/li><li><strong>Championnats de France Handisport\u00a0 &#8211;\u00a0 2021<\/strong><\/li><li><strong>F\u00eate des Jeunes (M15)\u00a0 &#8211;\u00a0 2023<\/strong><\/li><li><strong>Challenge de France Ep\u00e9e M13\u00a0 &#8211;\u00a0 2026\u00a0<\/strong><\/li><\/ul>\t\t\t\t\t\t\t\t<\/div>\n\t\t\t\t<\/div>\n\t\t\t\t<\/div>\n\t\t\t\t\t<\/div>\n\t\t\t\t<\/div>\n\t\t<div class=\"elementor-element elementor-element-6dfdfae e-flex e-con-boxed e-con e-parent\" data-id=\"6dfdfae\" data-element_type=\"container\" data-settings=\"{&quot;background_background&quot;:&quot;classic&quot;}\">\n\t\t\t\t\t<div class=\"e-con-inner\">\n\t\t<div class=\"elementor-element elementor-element-27d2e5b e-con-full e-flex e-con e-child\" data-id=\"27d2e5b\" data-element_type=\"container\" data-settings=\"{&quot;background_background&quot;:&quot;gradient&quot;}\">\n\t\t<div class=\"elementor-element elementor-element-c7dc43f e-con-full e-flex e-con e-child\" data-id=\"c7dc43f\" data-element_type=\"container\" data-settings=\"{&quot;background_background&quot;:&quot;gradient&quot;}\">\n\t\t\t\t<div class=\"elementor-element elementor-element-e1a7380 elementor-widget__width-initial elementor-position-top elementor-widget elementor-widget-image-box\" data-id=\"e1a7380\" data-element_type=\"widget\" data-widget_type=\"image-box.default\">\n\t\t\t\t\t<div class=\"elementor-image-box-wrapper\"><figure class=\"elementor-image-box-img\"><img fetchpriority=\"high\" decoding=\"async\" width=\"300\" height=\"247\" src=\"https:\/\/escrime-albi.fr\/wp-content\/uploads\/2025\/07\/ththtt-300x247.jpg\" class=\"attachment-medium size-medium wp-image-676\" alt=\"\" srcset=\"https:\/\/escrime-albi.fr\/wp-content\/uploads\/2025\/07\/ththtt-300x247.jpg 300w, https:\/\/escrime-albi.fr\/wp-content\/uploads\/2025\/07\/elementor\/thumbs\/ththtt-r9gusshx3x4r7z3cr9wtl84rhk1b2qo16u37yy1boe.jpg 5w, https:\/\/escrime-albi.fr\/wp-content\/uploads\/2025\/07\/elementor\/thumbs\/ththtt-r9gusshx31k1ech5yf2g48ve9vx5q81jivb2oryh9a.jpg 3w, https:\/\/escrime-albi.fr\/wp-content\/uploads\/2025\/07\/elementor\/thumbs\/ththtt-r9gusshx25zb5ziho1g82q3fgc8iydz87fm65y5c22.jpg 1w, https:\/\/escrime-albi.fr\/wp-content\/uploads\/2025\/07\/ththtt.jpg 316w\" sizes=\"(max-width: 300px) 100vw, 300px\" \/><\/figure><div class=\"elementor-image-box-content\"><h3 class=\"elementor-image-box-title\">Raymond Arrault<\/h3><p class=\"elementor-image-box-description\">Ma\u00eetre d'armes<\/p><\/div><\/div>\t\t\t\t<\/div>\n\t\t\t\t<div class=\"elementor-element elementor-element-779d7ca elementor-widget__width-inherit elementor-position-top elementor-widget elementor-widget-image-box\" data-id=\"779d7ca\" data-element_type=\"widget\" data-widget_type=\"image-box.default\">\n\t\t\t\t\t<div class=\"elementor-image-box-wrapper\"><figure class=\"elementor-image-box-img\"><img decoding=\"async\" width=\"1185\" height=\"1061\" src=\"https:\/\/escrime-albi.fr\/wp-content\/uploads\/2025\/08\/115.jpg\" class=\"attachment-full size-full wp-image-785\" alt=\"\" srcset=\"https:\/\/escrime-albi.fr\/wp-content\/uploads\/2025\/08\/115.jpg 1185w, https:\/\/escrime-albi.fr\/wp-content\/uploads\/2025\/08\/115-300x269.jpg 300w, https:\/\/escrime-albi.fr\/wp-content\/uploads\/2025\/08\/115-1024x917.jpg 1024w, https:\/\/escrime-albi.fr\/wp-content\/uploads\/2025\/08\/115-768x688.jpg 768w\" sizes=\"(max-width: 1185px) 100vw, 1185px\" \/><\/figure><div class=\"elementor-image-box-content\"><h3 class=\"elementor-image-box-title\">Alexandre Anglionin<\/h3><p class=\"elementor-image-box-description\">Ma\u00eetre d'armes en formation<\/p><\/div><\/div>\t\t\t\t<\/div>\n\t\t\t\t<\/div>\n\t\t<div class=\"elementor-element elementor-element-95e9f20 e-con-full e-flex e-con e-child\" data-id=\"95e9f20\" data-element_type=\"container\" data-settings=\"{&quot;background_background&quot;:&quot;classic&quot;}\">\n\t\t\t\t<div class=\"elementor-element elementor-element-0a16523 elementor-widget elementor-widget-text-editor\" data-id=\"0a16523\" data-element_type=\"widget\" data-widget_type=\"text-editor.default\">\n\t\t\t\t\t\t\t\t\t<h2 class=\"elementor-inline-editing ehp-cta__heading pen\" style=\"color: #353535; font-family: Montserrat, sans-serif; line-height: 22.4px; font-size: 16px;\" data-elementor-setting-key=\"heading_text\" data-elementor-inline-editing-toolbar=\"none\" data-pen-placeholder=\"\u00c9crivez ici...\"><span style=\"color: #415180; font-family: 'Varela Round', sans-serif; font-size: 45px;\">Nos Cadres<\/span><\/h2><h2 class=\"elementor-inline-editing ehp-cta__heading pen\" style=\"color: #353535; font-family: Montserrat, sans-serif; line-height: 22.4px; font-size: 16px;\" data-elementor-setting-key=\"heading_text\" data-elementor-inline-editing-toolbar=\"none\" data-pen-placeholder=\"\u00c9crivez ici...\">\u00a0<\/h2><h2 class=\"elementor-inline-editing ehp-cta__heading pen\" style=\"color: #353535; font-family: Montserrat, sans-serif; line-height: 22.4px; font-size: 16px;\" data-elementor-setting-key=\"heading_text\" data-elementor-inline-editing-toolbar=\"none\" data-pen-placeholder=\"\u00c9crivez ici...\">\u00a0<\/h2>\t\t\t\t\t\t\t\t<\/div>\n\t\t\t\t<\/div>\n\t\t\t\t<div class=\"elementor-element elementor-element-3519e1a elementor-widget__width-initial elementor-position-top elementor-widget elementor-widget-image-box\" data-id=\"3519e1a\" data-element_type=\"widget\" data-widget_type=\"image-box.default\">\n\t\t\t\t\t<div class=\"elementor-image-box-wrapper\"><figure class=\"elementor-image-box-img\"><img decoding=\"async\" width=\"791\" height=\"842\" src=\"https:\/\/escrime-albi.fr\/wp-content\/uploads\/2025\/08\/112.jpg\" class=\"attachment-full size-full wp-image-786\" alt=\"\" srcset=\"https:\/\/escrime-albi.fr\/wp-content\/uploads\/2025\/08\/112.jpg 791w, https:\/\/escrime-albi.fr\/wp-content\/uploads\/2025\/08\/112-282x300.jpg 282w, https:\/\/escrime-albi.fr\/wp-content\/uploads\/2025\/08\/112-768x818.jpg 768w\" sizes=\"(max-width: 791px) 100vw, 791px\" \/><\/figure><div class=\"elementor-image-box-content\"><h3 class=\"elementor-image-box-title\">C\u00e9dric Manteau<\/h3><p class=\"elementor-image-box-description\">Educateur<\/p><\/div><\/div>\t\t\t\t<\/div>\n\t\t\t\t<\/div>\n\t\t\t\t\t<\/div>\n\t\t\t\t<\/div>\n\t\t<div class=\"elementor-element elementor-element-9455695 e-flex e-con-boxed e-con e-parent\" data-id=\"9455695\" data-element_type=\"container\" data-settings=\"{&quot;background_background&quot;:&quot;classic&quot;}\">\n\t\t\t\t\t<div class=\"e-con-inner\">\n\t\t\t\t<div class=\"elementor-element elementor-element-daa60a5 elementor-widget elementor-widget-heading\" data-id=\"daa60a5\" data-element_type=\"widget\" data-widget_type=\"heading.default\">\n\t\t\t\t\t<h2 class=\"elementor-heading-title elementor-size-default\">Le  bureau<\/h2>\t\t\t\t<\/div>\n\t\t\t\t\t<\/div>\n\t\t\t\t<\/div>\n\t\t<div class=\"elementor-element elementor-element-afd16de e-flex e-con-boxed e-con e-parent\" data-id=\"afd16de\" data-element_type=\"container\" data-settings=\"{&quot;background_background&quot;:&quot;gradient&quot;}\">\n\t\t\t\t\t<div class=\"e-con-inner\">\n\t\t<div class=\"elementor-element elementor-element-95a8f2c e-con-full e-flex e-con e-child\" data-id=\"95a8f2c\" data-element_type=\"container\">\n\t\t\t\t<div class=\"elementor-element elementor-element-b2da70a elementor-widget__width-initial elementor-position-top elementor-widget elementor-widget-image-box\" data-id=\"b2da70a\" data-element_type=\"widget\" data-widget_type=\"image-box.default\">\n\t\t\t\t\t<div class=\"elementor-image-box-wrapper\"><figure class=\"elementor-image-box-img\"><img loading=\"lazy\" decoding=\"async\" width=\"388\" height=\"463\" src=\"https:\/\/escrime-albi.fr\/wp-content\/uploads\/2025\/09\/042-Copie.jpg\" class=\"attachment-full size-full wp-image-1414\" alt=\"\" srcset=\"https:\/\/escrime-albi.fr\/wp-content\/uploads\/2025\/09\/042-Copie.jpg 388w, https:\/\/escrime-albi.fr\/wp-content\/uploads\/2025\/09\/042-Copie-251x300.jpg 251w\" sizes=\"(max-width: 388px) 100vw, 388px\" \/><\/figure><div class=\"elementor-image-box-content\"><h3 class=\"elementor-image-box-title\">Christophe VOLLE<\/h3><p class=\"elementor-image-box-description\">Pr\u00e9sident - Tr\u00e9sorier -\nArmurier<\/p><\/div><\/div>\t\t\t\t<\/div>\n\t\t\t\t<\/div>\n\t\t<div class=\"elementor-element elementor-element-ef76152 e-con-full e-flex e-con e-child\" data-id=\"ef76152\" data-element_type=\"container\">\n\t\t\t\t<div class=\"elementor-element elementor-element-15352e7 elementor-widget__width-initial elementor-position-top elementor-widget elementor-widget-image-box\" data-id=\"15352e7\" data-element_type=\"widget\" data-widget_type=\"image-box.default\">\n\t\t\t\t\t<div class=\"elementor-image-box-wrapper\"><figure class=\"elementor-image-box-img\"><img decoding=\"async\" src=\"https:\/\/escrime-albi.fr\/wp-content\/uploads\/2025\/08\/125.jpg\" title=\"125\" alt=\"125\" loading=\"lazy\" \/><\/figure><div class=\"elementor-image-box-content\"><h3 class=\"elementor-image-box-title\">Jacqueline FELZINES<\/h3><p class=\"elementor-image-box-description\">Pr\u00e9sidente d'honneur<\/p><\/div><\/div>\t\t\t\t<\/div>\n\t\t\t\t<\/div>\n\t\t<div class=\"elementor-element elementor-element-87d8ab7 e-con-full e-flex e-con e-child\" data-id=\"87d8ab7\" data-element_type=\"container\">\n\t\t\t\t<\/div>\n\t\t<div class=\"elementor-element elementor-element-ff8cb7d e-con-full e-flex e-con e-child\" data-id=\"ff8cb7d\" data-element_type=\"container\">\n\t\t\t\t<div class=\"elementor-element elementor-element-322f3a6 elementor-widget__width-initial elementor-position-top elementor-widget elementor-widget-image-box\" data-id=\"322f3a6\" data-element_type=\"widget\" data-widget_type=\"image-box.default\">\n\t\t\t\t\t<div class=\"elementor-image-box-wrapper\"><figure class=\"elementor-image-box-img\"><img loading=\"lazy\" decoding=\"async\" width=\"700\" height=\"840\" src=\"https:\/\/escrime-albi.fr\/wp-content\/uploads\/2025\/08\/014.jpg\" class=\"attachment-full size-full wp-image-886\" alt=\"\" srcset=\"https:\/\/escrime-albi.fr\/wp-content\/uploads\/2025\/08\/014.jpg 700w, https:\/\/escrime-albi.fr\/wp-content\/uploads\/2025\/08\/014-250x300.jpg 250w\" sizes=\"(max-width: 700px) 100vw, 700px\" \/><\/figure><div class=\"elementor-image-box-content\"><h3 class=\"elementor-image-box-title\">Virginie ROUSSELIN<\/h3><p class=\"elementor-image-box-description\">Secr\u00e9taire<\/p><\/div><\/div>\t\t\t\t<\/div>\n\t\t\t\t<\/div>\n\t\t\t\t\t<\/div>\n\t\t\t\t<\/div>\n\t\t<div class=\"elementor-element elementor-element-9855bb3 e-flex e-con-boxed e-con e-parent\" data-id=\"9855bb3\" data-element_type=\"container\" data-settings=\"{&quot;background_background&quot;:&quot;classic&quot;}\">\n\t\t\t\t\t<div class=\"e-con-inner\">\n\t\t\t\t<div class=\"elementor-element elementor-element-1d794b2 elementor-widget__width-initial elementor-position-top elementor-widget elementor-widget-image-box\" data-id=\"1d794b2\" data-element_type=\"widget\" data-widget_type=\"image-box.default\">\n\t\t\t\t\t<div class=\"elementor-image-box-wrapper\"><figure class=\"elementor-image-box-img\"><img loading=\"lazy\" decoding=\"async\" width=\"489\" height=\"630\" src=\"https:\/\/escrime-albi.fr\/wp-content\/uploads\/2025\/08\/20-Copie.jpg\" class=\"attachment-full size-full wp-image-1094\" alt=\"\" srcset=\"https:\/\/escrime-albi.fr\/wp-content\/uploads\/2025\/08\/20-Copie.jpg 489w, https:\/\/escrime-albi.fr\/wp-content\/uploads\/2025\/08\/20-Copie-233x300.jpg 233w\" sizes=\"(max-width: 489px) 100vw, 489px\" \/><\/figure><div class=\"elementor-image-box-content\"><h3 class=\"elementor-image-box-title\">V\u00e9rane FAURE<\/h3><p class=\"elementor-image-box-description\">Secr\u00e9taire adjointe<\/p><\/div><\/div>\t\t\t\t<\/div>\n\t\t<div class=\"elementor-element elementor-element-fc628b4 e-con-full e-flex e-con e-child\" data-id=\"fc628b4\" data-element_type=\"container\">\n\t\t\t\t<div class=\"elementor-element elementor-element-9c241a5 elementor-widget__width-initial elementor-position-top elementor-widget elementor-widget-image-box\" data-id=\"9c241a5\" data-element_type=\"widget\" data-widget_type=\"image-box.default\">\n\t\t\t\t\t<div class=\"elementor-image-box-wrapper\"><figure class=\"elementor-image-box-img\"><img loading=\"lazy\" decoding=\"async\" width=\"555\" height=\"558\" src=\"https:\/\/escrime-albi.fr\/wp-content\/uploads\/2025\/09\/001.jpg\" class=\"attachment-full size-full wp-image-1385\" alt=\"\" srcset=\"https:\/\/escrime-albi.fr\/wp-content\/uploads\/2025\/09\/001.jpg 555w, https:\/\/escrime-albi.fr\/wp-content\/uploads\/2025\/09\/001-298x300.jpg 298w, https:\/\/escrime-albi.fr\/wp-content\/uploads\/2025\/09\/001-150x150.jpg 150w\" sizes=\"(max-width: 555px) 100vw, 555px\" \/><\/figure><div class=\"elementor-image-box-content\"><h3 class=\"elementor-image-box-title\">Emily COCARD<\/h3><p class=\"elementor-image-box-description\">Membre<\/p><\/div><\/div>\t\t\t\t<\/div>\n\t\t\t\t<\/div>\n\t\t<div class=\"elementor-element elementor-element-6b8e615 e-con-full e-flex e-con e-child\" data-id=\"6b8e615\" data-element_type=\"container\">\n\t\t\t\t<\/div>\n\t\t\t\t\t<\/div>\n\t\t\t\t<\/div>\n\t\t<div class=\"elementor-element elementor-element-6936bf5 e-grid e-con-boxed e-con e-parent\" data-id=\"6936bf5\" data-element_type=\"container\">\n\t\t\t\t\t<div class=\"e-con-inner\">\n\t\t\t\t\t<\/div>\n\t\t\t\t<\/div>\n\t\t\t\t<\/div>\n\t\t","protected":false},"excerpt":{"rendered":"<p>Le Cercle d&rsquo;Escrime d&rsquo;Albi Fond\u00e9 en 1930, le Cercle d&rsquo;Escrime d&rsquo;Albi est un Club historique et formateur reconnu pour la qualit\u00e9 de son encadrement et de sa fili\u00e8re sportive . [&hellip;]<\/p>\n","protected":false},"author":1,"featured_media":0,"parent":0,"menu_order":0,"comment_status":"closed","ping_status":"closed","template":"","meta":{"footnotes":""},"class_list":["post-11","page","type-page","status-publish","hentry"],"_links":{"self":[{"href":"https:\/\/escrime-albi.fr\/index.php\/wp-json\/wp\/v2\/pages\/11","targetHints":{"allow":["GET"]}}],"collection":[{"href":"https:\/\/escrime-albi.fr\/index.php\/wp-json\/wp\/v2\/pages"}],"about":[{"href":"https:\/\/escrime-albi.fr\/index.php\/wp-json\/wp\/v2\/types\/page"}],"author":[{"embeddable":true,"href":"https:\/\/escrime-albi.fr\/index.php\/wp-json\/wp\/v2\/users\/1"}],"replies":[{"embeddable":true,"href":"https:\/\/escrime-albi.fr\/index.php\/wp-json\/wp\/v2\/comments?post=11"}],"version-history":[{"count":99,"href":"https:\/\/escrime-albi.fr\/index.php\/wp-json\/wp\/v2\/pages\/11\/revisions"}],"predecessor-version":[{"id":8470,"href":"https:\/\/escrime-albi.fr\/index.php\/wp-json\/wp\/v2\/pages\/11\/revisions\/8470"}],"wp:attachment":[{"href":"https:\/\/escrime-albi.fr\/index.php\/wp-json\/wp\/v2\/media?parent=11"}],"curies":[{"name":"wp","href":"https:\/\/api.w.org\/{rel}","templated":true}]}}